{"id":706,"date":"2022-11-06T05:52:55","date_gmt":"2022-11-06T04:52:55","guid":{"rendered":"https:\/\/agm-graphics.com\/news\/?page_id=706"},"modified":"2022-11-06T06:12:29","modified_gmt":"2022-11-06T05:12:29","slug":"newsletter-subscription","status":"publish","type":"page","link":"https:\/\/agm-graphics.com\/news\/","title":{"rendered":"Newsletter-Subscription"},"content":{"rendered":"\n<div class=\"wp-block-columns alignfull up2date is-layout-flex wp-container-core-columns-is-layout-28f84493 wp-block-columns-is-layout-flex\">\n<div class=\"wp-block-column is-layout-flow wp-block-column-is-layout-flow\">\n<p class=\"has-text-align-center\"><strong>Stay up to date.<\/strong><br>Always receive the latest offers.<\/p>\n<\/div>\n\n\n\n<div class=\"wp-block-column is-layout-flow wp-block-column-is-layout-flow\">\n<p class=\"has-text-align-center\"><strong>Bleiben Sie auf dem Laufenden.<\/strong><br>Erhalten Sie immer die neusten Angebote.<\/p>\n<\/div>\n<\/div>\n\n\n\n<div style=\"height:20px\" aria-hidden=\"true\" class=\"wp-block-spacer\"><\/div>\n\n\n\n<div class=\"wp-block-columns alignfull has-black-background-color has-background is-layout-flex wp-container-core-columns-is-layout-28f84493 wp-block-columns-is-layout-flex\">\n<div class=\"wp-block-column is-layout-flow wp-block-column-is-layout-flow\" style=\"flex-basis:100%\">\n<div style=\"height:20px\" aria-hidden=\"true\" class=\"wp-block-spacer\"><\/div>\n\n\n\n<p class=\"has-text-align-center has-white-color has-text-color has-larger-font-size\">Currently maintenance &#8211;<br>Zur Zeit Wartungsarbeiten<\/p>\n<\/div>\n<\/div>\n\n\n\n<div class=\"wp-block-columns alignfull aside-txt is-layout-flex wp-container-core-columns-is-layout-28f84493 wp-block-columns-is-layout-flex\">\n<div class=\"wp-block-column is-layout-flow wp-block-column-is-layout-flow\">\n<p class=\"has-text-align-center\">Bei der Anmeldung zu unserem Newsletter speichern wir Ihre Daten.<br>Wir geben Ihre Daten nicht an Dritte weiter und<br>Sie k\u00f6nnen jederzeit L\u00f6schung beantragen.<br>Es gilt die <a href=\"https:\/\/www.agm-graphics.com\/contact-us\/privacy\/\">Datenschutzerkl\u00e4rung<\/a>.<\/p>\n<\/div>\n\n\n\n<div class=\"wp-block-column is-layout-flow wp-block-column-is-layout-flow\">\n<p class=\"has-text-align-center\">When you subscribe to our newsletter, we store your data.<br>We do not share your data with third parties and<br>you can request deletion at any time.<br>The <a href=\"https:\/\/www.agm-graphics.com\/contact-us\/privacy\/\">privacy policy<\/a> applies.<\/p>\n<\/div>\n<\/div>\n","protected":false},"excerpt":{"rendered":"<p>Stay up to date.Always receive the latest offers. Bleiben Sie auf dem Laufenden.Erhalten Sie immer die neusten Angebote. Currently maintenance &#8211;Zur Zeit Wartungsarbeiten Bei der Anmeldung zu unserem Newsletter speichern wir Ihre Daten.Wir geben Ihre Daten nicht an Dritte weiter undSie k\u00f6nnen jederzeit L\u00f6schung beantragen.Es gilt die Datenschutzerkl\u00e4rung. When you subscribe to our newsletter, we [&hellip;]<\/p>\n","protected":false},"author":4,"featured_media":0,"parent":0,"menu_order":0,"comment_status":"closed","ping_status":"closed","template":"","meta":{"footnotes":""},"class_list":["post-706","page","type-page","status-publish","hentry","wpbf-post"],"_links":{"self":[{"href":"https:\/\/agm-graphics.com\/news\/wp-json\/wp\/v2\/pages\/706","targetHints":{"allow":["GET"]}}],"collection":[{"href":"https:\/\/agm-graphics.com\/news\/wp-json\/wp\/v2\/pages"}],"about":[{"href":"https:\/\/agm-graphics.com\/news\/wp-json\/wp\/v2\/types\/page"}],"author":[{"embeddable":true,"href":"https:\/\/agm-graphics.com\/news\/wp-json\/wp\/v2\/users\/4"}],"replies":[{"embeddable":true,"href":"https:\/\/agm-graphics.com\/news\/wp-json\/wp\/v2\/comments?post=706"}],"version-history":[{"count":0,"href":"https:\/\/agm-graphics.com\/news\/wp-json\/wp\/v2\/pages\/706\/revisions"}],"wp:attachment":[{"href":"https:\/\/agm-graphics.com\/news\/wp-json\/wp\/v2\/media?parent=706"}],"curies":[{"name":"wp","href":"https:\/\/api.w.org\/{rel}","templated":true}]}}